{"id":1777,"date":"2022-10-16T09:01:34","date_gmt":"2022-10-16T07:01:34","guid":{"rendered":"https:\/\/www.neosigna.com\/?page_id=1777"},"modified":"2022-10-16T09:22:36","modified_gmt":"2022-10-16T07:22:36","slug":"mentions-legales","status":"publish","type":"page","link":"https:\/\/www.neosigna.com\/en\/legal-notice\/","title":{"rendered":"Legal notice"},"content":{"rendered":"<div class=\"wp-container-1 wp-block-group\"><div class=\"wp-block-group__inner-container\">\n<section id=\"main-title-block_6339fa976da30\" class=\"main-title bg-primary-dark-bg relative z-10\" x-data>\n        \n    <div class=\"container mx-auto flex flex-col place-items-center pb-10 relative\">\n\n  \n    <!--TAG-->\n        \n              <div class=\"w-full flex flex-col items-center md:mx-0 mx-10 text-center text- relative z-[100]\">\n        <!--TITLE-->\n            <h2 class=\"pt-8 pb-5 w-full lg:w-1\/2 text-white\">            <strong>Propri\u00e9t\u00e9<\/strong> du site internet            <\/h2>    \n        <!--SUBTITLE-->\n        <p class=\"pb-1 text-base w-full md:w-[85%] text-white\">Le site www.neosigna.com est \u00e9dit\u00e9 par la soci\u00e9t\u00e9 <strong>neosigna<\/strong>, SAS au capital de 40000 euros immatricul\u00e9e au RCS de Bordeaux sous le num\u00e9ro 890 543 010, dont le si\u00e8ge social est situ\u00e9 au 25, rue Roborel de Climens 33000 Bordeaux, France. <br><br> Contact : <strong><a href=\"mailto:contact@neosigna.com\">contact@neosigna.com<\/a><\/strong><\/p>\n      <\/div>\n        \n    <!--IMAGE-->\n        \n    <!--CTA-->\n            <\/div>\n<\/section>\n\n\n\n<section id=\"main-title-block_6339f82feb2dd\" class=\"main-title bg-primary-dark-bg relative z-10\" x-data>\n        \n    <div class=\"container mx-auto flex flex-col place-items-center pb-10 relative\">\n\n  \n    <!--TAG-->\n        \n              <div class=\"w-full flex flex-col items-center md:mx-0 mx-10 text-center text- relative z-[100]\">\n        <!--TITLE-->\n            <h2 class=\"pt-8 pb-5 w-full lg:w-1\/2 text-white\">            <strong>\u00c9dition<\/strong> du site internet            <\/h2>    \n        <!--SUBTITLE-->\n        <p class=\"pb-1 text-base w-full md:w-[85%] text-white\">Directeur de la publication : Fabien Herelle<\/p>\n      <\/div>\n        \n    <!--IMAGE-->\n        \n    <!--CTA-->\n            <\/div>\n<\/section>\n\n\n\n<section id=\"main-title-block_6339f878eb2de\" class=\"main-title bg-primary-dark-bg relative z-10\" x-data>\n        \n    <div class=\"container mx-auto flex flex-col place-items-center pb-10 relative\">\n\n  \n    <!--TAG-->\n        \n              <div class=\"w-full flex flex-col items-center md:mx-0 mx-10 text-center text- relative z-[100]\">\n        <!--TITLE-->\n            <h2 class=\"pt-8 pb-5 w-full lg:w-1\/2 text-white\">            <strong>H\u00e9bergement<\/strong> du site internet            <\/h2>    \n        <!--SUBTITLE-->\n        <p class=\"pb-1 text-base w-full md:w-[85%] text-white\">Le site www.neosigna.com est h\u00e9berg\u00e9 \u00e0 Paris, France par Scaleway, dont le si\u00e8ge social est situ\u00e9 8 rue de la ville l\u2019\u00e9v\u00eaque, 75008 Paris, France (<strong><a href=\"https:\/\/www.scaleway.com\">https:\/\/www.scaleway.com<\/a><\/strong>).<\/p>\n      <\/div>\n        \n    <!--IMAGE-->\n        \n    <!--CTA-->\n            <\/div>\n<\/section>\n\n\n\n<section id=\"main-title-block_6339f8e4eb2e1\" class=\"main-title bg-primary-dark-bg relative z-10\" x-data>\n        \n    <div class=\"container mx-auto flex flex-col place-items-center pb-10 relative\">\n\n  \n    <!--TAG-->\n        \n              <div class=\"w-full flex flex-col items-center md:mx-0 mx-10 text-center text- relative z-[100]\">\n        <!--TITLE-->\n            <h2 class=\"pt-8 pb-5 w-full lg:w-1\/2 text-white\">            <strong>D\u00e9veloppement<\/strong> du site internet            <\/h2>    \n        <!--SUBTITLE-->\n        <p class=\"pb-1 text-base w-full md:w-[85%] text-white\">Agence web : <strong><a href=\"https:\/\/piment.io\/\">Piment.io<\/a><\/strong><\/p>\n      <\/div>\n        \n    <!--IMAGE-->\n        \n    <!--CTA-->\n            <\/div>\n<\/section>\n\n\n\n<p><\/p>\n<\/div><\/div>","protected":false},"excerpt":{"rendered":"","protected":false},"author":3,"featured_media":0,"parent":0,"menu_order":0,"comment_status":"closed","ping_status":"closed","template":"","meta":[],"acf":[],"yoast_head":"<!-- This site is optimized with the Yoast SEO plugin v19.9 - https:\/\/yoast.com\/wordpress\/plugins\/seo\/ -->\n<title>Mentions l\u00e9gales - Neosigna<\/title>\n<meta name=\"robots\" content=\"index, follow, max-snippet:-1, max-image-preview:large, max-video-preview:-1\" \/>\n<link rel=\"canonical\" href=\"https:\/\/www.neosigna.com\/en\/legal-notice\/\" \/>\n<meta property=\"og:locale\" content=\"en_US\" \/>\n<meta property=\"og:type\" content=\"article\" \/>\n<meta property=\"og:title\" content=\"Mentions l\u00e9gales - Neosigna\" \/>\n<meta property=\"og:url\" content=\"https:\/\/www.neosigna.com\/en\/legal-notice\/\" \/>\n<meta property=\"og:site_name\" content=\"Neosigna\" \/>\n<meta property=\"article:modified_time\" content=\"2022-10-16T07:22:36+00:00\" \/>\n<meta name=\"twitter:card\" content=\"summary_large_image\" \/>\n<script type=\"application\/ld+json\" class=\"yoast-schema-graph\">{\"@context\":\"https:\/\/schema.org\",\"@graph\":[{\"@type\":\"WebPage\",\"@id\":\"https:\/\/www.neosigna.com\/mentions-legales\/\",\"url\":\"https:\/\/www.neosigna.com\/mentions-legales\/\",\"name\":\"Mentions l\u00e9gales - Neosigna\",\"isPartOf\":{\"@id\":\"https:\/\/www.neosigna.com\/#website\"},\"datePublished\":\"2022-10-16T07:01:34+00:00\",\"dateModified\":\"2022-10-16T07:22:36+00:00\",\"breadcrumb\":{\"@id\":\"https:\/\/www.neosigna.com\/mentions-legales\/#breadcrumb\"},\"inLanguage\":\"en-US\",\"potentialAction\":[{\"@type\":\"ReadAction\",\"target\":[\"https:\/\/www.neosigna.com\/mentions-legales\/\"]}]},{\"@type\":\"BreadcrumbList\",\"@id\":\"https:\/\/www.neosigna.com\/mentions-legales\/#breadcrumb\",\"itemListElement\":[{\"@type\":\"ListItem\",\"position\":1,\"name\":\"Home\",\"item\":\"https:\/\/www.neosigna.com\/\"},{\"@type\":\"ListItem\",\"position\":2,\"name\":\"Mentions l\u00e9gales\"}]},{\"@type\":\"WebSite\",\"@id\":\"https:\/\/www.neosigna.com\/#website\",\"url\":\"https:\/\/www.neosigna.com\/\",\"name\":\"Neosigna\",\"description\":\"G\u00e9rez vos contrats dans une seule et m\u00eame plateforme.\",\"publisher\":{\"@id\":\"https:\/\/www.neosigna.com\/#organization\"},\"potentialAction\":[{\"@type\":\"SearchAction\",\"target\":{\"@type\":\"EntryPoint\",\"urlTemplate\":\"https:\/\/www.neosigna.com\/?s={search_term_string}\"},\"query-input\":\"required name=search_term_string\"}],\"inLanguage\":\"en-US\"},{\"@type\":\"Organization\",\"@id\":\"https:\/\/www.neosigna.com\/#organization\",\"name\":\"Neosigna\",\"url\":\"https:\/\/www.neosigna.com\/\",\"logo\":{\"@type\":\"ImageObject\",\"inLanguage\":\"en-US\",\"@id\":\"https:\/\/www.neosigna.com\/#\/schema\/logo\/image\/\",\"url\":\"https:\/\/www.neosigna.com\/app\/uploads\/2022\/11\/2020-10-19_MIN_NEO_logo_bleu2.png\",\"contentUrl\":\"https:\/\/www.neosigna.com\/app\/uploads\/2022\/11\/2020-10-19_MIN_NEO_logo_bleu2.png\",\"width\":751,\"height\":815,\"caption\":\"Neosigna\"},\"image\":{\"@id\":\"https:\/\/www.neosigna.com\/#\/schema\/logo\/image\/\"},\"sameAs\":[\"https:\/\/www.linkedin.com\/company\/neosigna\"]}]}<\/script>\n<!-- \/ Yoast SEO plugin. -->","yoast_head_json":{"title":"Mentions l\u00e9gales - Neosigna","robots":{"index":"index","follow":"follow","max-snippet":"max-snippet:-1","max-image-preview":"max-image-preview:large","max-video-preview":"max-video-preview:-1"},"canonical":"https:\/\/www.neosigna.com\/en\/legal-notice\/","og_locale":"en_US","og_type":"article","og_title":"Mentions l\u00e9gales - Neosigna","og_url":"https:\/\/www.neosigna.com\/en\/legal-notice\/","og_site_name":"Neosigna","article_modified_time":"2022-10-16T07:22:36+00:00","twitter_card":"summary_large_image","schema":{"@context":"https:\/\/schema.org","@graph":[{"@type":"WebPage","@id":"https:\/\/www.neosigna.com\/mentions-legales\/","url":"https:\/\/www.neosigna.com\/mentions-legales\/","name":"Mentions l\u00e9gales - Neosigna","isPartOf":{"@id":"https:\/\/www.neosigna.com\/#website"},"datePublished":"2022-10-16T07:01:34+00:00","dateModified":"2022-10-16T07:22:36+00:00","breadcrumb":{"@id":"https:\/\/www.neosigna.com\/mentions-legales\/#breadcrumb"},"inLanguage":"en-US","potentialAction":[{"@type":"ReadAction","target":["https:\/\/www.neosigna.com\/mentions-legales\/"]}]},{"@type":"BreadcrumbList","@id":"https:\/\/www.neosigna.com\/mentions-legales\/#breadcrumb","itemListElement":[{"@type":"ListItem","position":1,"name":"Home","item":"https:\/\/www.neosigna.com\/"},{"@type":"ListItem","position":2,"name":"Mentions l\u00e9gales"}]},{"@type":"WebSite","@id":"https:\/\/www.neosigna.com\/#website","url":"https:\/\/www.neosigna.com\/","name":"Neosigna","description":"G\u00e9rez vos contrats dans une seule et m\u00eame plateforme.","publisher":{"@id":"https:\/\/www.neosigna.com\/#organization"},"potentialAction":[{"@type":"SearchAction","target":{"@type":"EntryPoint","urlTemplate":"https:\/\/www.neosigna.com\/?s={search_term_string}"},"query-input":"required name=search_term_string"}],"inLanguage":"en-US"},{"@type":"Organization","@id":"https:\/\/www.neosigna.com\/#organization","name":"Neosigna","url":"https:\/\/www.neosigna.com\/","logo":{"@type":"ImageObject","inLanguage":"en-US","@id":"https:\/\/www.neosigna.com\/#\/schema\/logo\/image\/","url":"https:\/\/www.neosigna.com\/app\/uploads\/2022\/11\/2020-10-19_MIN_NEO_logo_bleu2.png","contentUrl":"https:\/\/www.neosigna.com\/app\/uploads\/2022\/11\/2020-10-19_MIN_NEO_logo_bleu2.png","width":751,"height":815,"caption":"Neosigna"},"image":{"@id":"https:\/\/www.neosigna.com\/#\/schema\/logo\/image\/"},"sameAs":["https:\/\/www.linkedin.com\/company\/neosigna"]}]}},"_links":{"self":[{"href":"https:\/\/www.neosigna.com\/en\/wp-json\/wp\/v2\/pages\/1777"}],"collection":[{"href":"https:\/\/www.neosigna.com\/en\/wp-json\/wp\/v2\/pages"}],"about":[{"href":"https:\/\/www.neosigna.com\/en\/wp-json\/wp\/v2\/types\/page"}],"author":[{"embeddable":true,"href":"https:\/\/www.neosigna.com\/en\/wp-json\/wp\/v2\/users\/3"}],"replies":[{"embeddable":true,"href":"https:\/\/www.neosigna.com\/en\/wp-json\/wp\/v2\/comments?post=1777"}],"version-history":[{"count":15,"href":"https:\/\/www.neosigna.com\/en\/wp-json\/wp\/v2\/pages\/1777\/revisions"}],"predecessor-version":[{"id":1796,"href":"https:\/\/www.neosigna.com\/en\/wp-json\/wp\/v2\/pages\/1777\/revisions\/1796"}],"wp:attachment":[{"href":"https:\/\/www.neosigna.com\/en\/wp-json\/wp\/v2\/media?parent=1777"}],"curies":[{"name":"wp","href":"https:\/\/api.w.org\/{rel}","templated":true}]}}