{"id":3,"date":"2022-08-26T16:19:27","date_gmt":"2022-08-26T14:19:27","guid":{"rendered":"https:\/\/www.neosigna.com\/?page_id=3"},"modified":"2022-10-17T11:48:09","modified_gmt":"2022-10-17T09:48:09","slug":"politique-confidentialite","status":"publish","type":"page","link":"https:\/\/www.neosigna.com\/en\/data-policy\/","title":{"rendered":"Privacy Policy"},"content":{"rendered":"<div class=\"wp-container-1 wp-block-group\"><div class=\"wp-block-group__inner-container\">\n<section id=\"main-title-block_6339fa976da30\" class=\"main-title bg-primary-dark-bg relative z-10\" x-data>\n        \n    <div class=\"container mx-auto flex flex-col place-items-center pb-10 relative\">\n\n  \n    <!--TAG-->\n        \n              <div class=\"w-full flex flex-col items-center md:mx-0 mx-10 text-center text- relative z-[100]\">\n        <!--TITLE-->\n            <h2 class=\"pt-8 pb-5 w-full lg:w-1\/2 text-white\">            Qu\u2019appelle-t-on <strong>donn\u00e9es personnelles ?<\/strong>            <\/h2>    \n        <!--SUBTITLE-->\n        <p class=\"pb-1 text-base w-full md:w-[85%] text-white\">Toute information relative \u00e0 une personne physique identifi\u00e9e ou identifiable; est r\u00e9put\u00e9e \u00eatre une \u201cpersonne physique identifiable\u201d, une personne physique qui peut \u00eatre identifi\u00e9e, directement ou indirectement, notamment par r\u00e9f\u00e9rence \u00e0 un identifiant, tel qu&rsquo;un nom, un num\u00e9ro d&rsquo;identification, des donn\u00e9es de localisation, un identifiant en ligne, ou \u00e0 un ou plusieurs \u00e9l\u00e9ments sp\u00e9cifiques propres \u00e0 son identit\u00e9 physique, physiologique, g\u00e9n\u00e9tique, psychique, \u00e9conomique, culturelle ou sociale.<\/p>\n      <\/div>\n        \n    <!--IMAGE-->\n        \n    <!--CTA-->\n            <\/div>\n<\/section>\n\n\n\n<section id=\"main-title-block_6339f82feb2dd\" class=\"main-title bg-primary-dark-bg relative z-10\" x-data>\n        \n    <div class=\"container mx-auto flex flex-col place-items-center pb-10 relative\">\n\n  \n    <!--TAG-->\n        \n              <div class=\"w-full flex flex-col items-center md:mx-0 mx-10 text-center text- relative z-[100]\">\n        <!--TITLE-->\n            <h2 class=\"pt-8 pb-5 w-full lg:w-1\/2 text-white\">            Responsable du <strong>traitement des donn\u00e9es<\/strong>            <\/h2>    \n        <!--SUBTITLE-->\n        <p class=\"pb-1 text-base w-full md:w-[85%] text-white\">Responsable du traitement des donn\u00e9es : Fabien Herelle &#8211; dpo@neosigna.com<\/p>\n      <\/div>\n        \n    <!--IMAGE-->\n        \n    <!--CTA-->\n            <\/div>\n<\/section>\n\n\n\n<section id=\"main-title-block_6339f878eb2de\" class=\"main-title bg-primary-dark-bg relative z-10\" x-data>\n        \n    <div class=\"container mx-auto flex flex-col place-items-center pb-10 relative\">\n\n  \n    <!--TAG-->\n        \n              <div class=\"w-full flex flex-col items-center md:mx-0 mx-10 text-center text- relative z-[100]\">\n        <!--TITLE-->\n            <h2 class=\"pt-8 pb-5 w-full lg:w-1\/2 text-white\">            <strong>Chat int\u00e9gr\u00e9<\/strong>            <\/h2>    \n        <!--SUBTITLE-->\n        <p class=\"pb-1 text-base w-full md:w-[85%] text-white\">Si vous utilisez le chat int\u00e9gr\u00e9 \u00e0 notre site, fourni par le soci\u00e9t\u00e9 Intercom, votre IP sera enregistr\u00e9e de mani\u00e8re anonyme. Des informations compl\u00e9mentaires (Nom, Pr\u00e9nom, Email) pourraient vous \u00eatre demand\u00e9es dans le but de vous recontacter et\/ou dans le cadre de la demande que vous nous faites. <br> Ces donn\u00e9es sont utilis\u00e9es par Neosigna, responsable du traitement des donn\u00e9es, et ne seront jamais c\u00e9d\u00e9es \u00e0 un tiers ni utilis\u00e9es \u00e0 d\u2019autres fins que celles d\u00e9taill\u00e9es ci-dessus.<\/p>\n      <\/div>\n        \n    <!--IMAGE-->\n        \n    <!--CTA-->\n            <\/div>\n<\/section>\n\n\n\n<section id=\"main-title-block_6339f88feb2df\" class=\"main-title bg-primary-dark-bg relative z-10\" x-data>\n        \n    <div class=\"container mx-auto flex flex-col place-items-center pb-10 relative\">\n\n  \n    <!--TAG-->\n        \n              <div class=\"w-full flex flex-col items-center md:mx-0 mx-10 text-center text- relative z-[100]\">\n        <!--TITLE-->\n            <h2 class=\"pt-8 pb-5 w-full lg:w-1\/2 text-white\">            <strong>Formulaires<\/strong> de contact            <\/h2>    \n        <!--SUBTITLE-->\n        <p class=\"pb-1 text-base w-full md:w-[85%] text-white\">Les donn\u00e9es que vous nous transmettez (Nom, Pr\u00e9nom, Entreprise, Email) directement sont utilis\u00e9es dans le but de vous recontacter et\/ou dans le cadre de la demande que vous nous faites. <br> Ces donn\u00e9es sont utilis\u00e9es par Neosigna, responsable du traitement des donn\u00e9es, et ne seront jamais c\u00e9d\u00e9es \u00e0 un tiers ni utilis\u00e9es \u00e0 d\u2019autres fins que celles d\u00e9taill\u00e9es ci-dessus.<\/p>\n      <\/div>\n        \n    <!--IMAGE-->\n        \n    <!--CTA-->\n            <\/div>\n<\/section>\n\n\n\n<section id=\"main-title-block_6339f8c6eb2e0\" class=\"main-title bg-primary-dark-bg relative z-10\" x-data>\n        \n    <div class=\"container mx-auto flex flex-col place-items-center pb-10 relative\">\n\n  \n    <!--TAG-->\n        \n              <div class=\"w-full flex flex-col items-center md:mx-0 mx-10 text-center text- relative z-[100]\">\n        <!--TITLE-->\n            <h2 class=\"pt-8 pb-5 w-full lg:w-1\/2 text-white\">            <strong>Cookies<\/strong>            <\/h2>    \n        <!--SUBTITLE-->\n        <p class=\"pb-1 text-base w-full md:w-[85%] text-white\">Au-del\u00e0 des cookies n\u00e9cessaires au fonctionnement du site, nous utilisons Google Analytics pour g\u00e9n\u00e9rer des statistiques de mani\u00e8re anonyme (en enregistrant des adresses IP anonymes), telles que le taux de rebond, la dur\u00e9e des sessions et autres \u00e0 des fins d&rsquo;optimisation. <br><br>  Ces donn\u00e9es nous permettent de mieux conna\u00eetre les personnes qui visitent son site et pages web, la fr\u00e9quence de leurs visites et les parties du site qui les int\u00e9ressent le plus. <strong>Apr\u00e8s acceptation des cookies<\/strong>, les donn\u00e9es sont automatiquement collect\u00e9es et ne n\u00e9cessitent aucune intervention de votre part.<\/p>\n      <\/div>\n        \n    <!--IMAGE-->\n        \n    <!--CTA-->\n            <\/div>\n<\/section>\n\n\n\n<section id=\"main-title-block_6339f8e4eb2e1\" class=\"main-title bg-primary-dark-bg relative z-10\" x-data>\n        \n    <div class=\"container mx-auto flex flex-col place-items-center pb-10 relative\">\n\n  \n    <!--TAG-->\n        \n              <div class=\"w-full flex flex-col items-center md:mx-0 mx-10 text-center text- relative z-[100]\">\n        <!--TITLE-->\n            <h2 class=\"pt-8 pb-5 w-full lg:w-1\/2 text-white\">            Dur\u00e9e de <strong>conservation de vos donn\u00e9es<\/strong>            <\/h2>    \n        <!--SUBTITLE-->\n        <p class=\"pb-1 text-base w-full md:w-[85%] text-white\">Neosigna s\u2019engage \u00e0 ne pas conserver les donn\u00e9es collect\u00e9es \u00e0 des fins commerciales au-del\u00e0 de 36 mois sauf demande de votre part de suppression de vos donn\u00e9es.<\/p>\n      <\/div>\n        \n    <!--IMAGE-->\n        \n    <!--CTA-->\n            <\/div>\n<\/section>\n\n\n\n<section id=\"main-title-block_6339f926eb2e2\" class=\"main-title bg-primary-dark-bg relative z-10\" x-data>\n        \n    <div class=\"container mx-auto flex flex-col place-items-center pb-10 relative\">\n\n  \n    <!--TAG-->\n        \n              <div class=\"w-full flex flex-col items-center md:mx-0 mx-10 text-center text- relative z-[100]\">\n        <!--TITLE-->\n            <h2 class=\"pt-8 pb-5 w-full lg:w-1\/2 text-white\">            Les droits que vous avez sur <strong>vos donn\u00e9es<\/strong>            <\/h2>    \n        <!--SUBTITLE-->\n        <p class=\"pb-1 text-base w-full md:w-[85%] text-white\">Vous disposez d&rsquo;un droit d&rsquo;acc\u00e8s, d&rsquo;interrogation, de modification et de suppression des informations qui vous concernent.<br><br>  Si vous avez rempli le formulaire de contact sur le site, vous pouvez demander \u00e0 recevoir un fichier contenant toutes les donn\u00e9es personnelles que nous poss\u00e9dons \u00e0 votre sujet, incluant celles que vous nous avez fournies. Cela ne prend pas en compte les donn\u00e9es stock\u00e9es \u00e0 des fins administratives, l\u00e9gales ou pour des raisons de s\u00e9curit\u00e9. <br><br> Vous pouvez nous contacter soit par courrier \u00e0 l\u2019adresse suivante : 25, rue Roborel de Climens 33000 Bordeaux, soit par email \u00e0 contact@neosigna.com.<\/p>\n      <\/div>\n        \n    <!--IMAGE-->\n        \n    <!--CTA-->\n            <\/div>\n<\/section>\n\n\n\n<p><\/p>\n<\/div><\/div>","protected":false},"excerpt":{"rendered":"","protected":false},"author":2,"featured_media":0,"parent":0,"menu_order":0,"comment_status":"closed","ping_status":"closed","template":"","meta":[],"acf":[],"yoast_head":"<!-- This site is optimized with the Yoast SEO plugin v19.9 - https:\/\/yoast.com\/wordpress\/plugins\/seo\/ -->\n<title>Politique de confidentialit\u00e9 - Neosigna<\/title>\n<meta name=\"robots\" content=\"index, follow, max-snippet:-1, max-image-preview:large, max-video-preview:-1\" \/>\n<link rel=\"canonical\" href=\"https:\/\/www.neosigna.com\/en\/data-policy\/\" \/>\n<meta property=\"og:locale\" content=\"en_US\" \/>\n<meta property=\"og:type\" content=\"article\" \/>\n<meta property=\"og:title\" content=\"Politique de confidentialit\u00e9 - Neosigna\" \/>\n<meta property=\"og:url\" content=\"https:\/\/www.neosigna.com\/en\/data-policy\/\" \/>\n<meta property=\"og:site_name\" content=\"Neosigna\" \/>\n<meta property=\"article:modified_time\" content=\"2022-10-17T09:48:09+00:00\" \/>\n<meta name=\"twitter:card\" content=\"summary_large_image\" \/>\n<script type=\"application\/ld+json\" class=\"yoast-schema-graph\">{\"@context\":\"https:\/\/schema.org\",\"@graph\":[{\"@type\":\"WebPage\",\"@id\":\"https:\/\/www.neosigna.com\/politique-confidentialite\/\",\"url\":\"https:\/\/www.neosigna.com\/politique-confidentialite\/\",\"name\":\"Politique de confidentialit\u00e9 - Neosigna\",\"isPartOf\":{\"@id\":\"https:\/\/www.neosigna.com\/#website\"},\"datePublished\":\"2022-08-26T14:19:27+00:00\",\"dateModified\":\"2022-10-17T09:48:09+00:00\",\"breadcrumb\":{\"@id\":\"https:\/\/www.neosigna.com\/politique-confidentialite\/#breadcrumb\"},\"inLanguage\":\"en-US\",\"potentialAction\":[{\"@type\":\"ReadAction\",\"target\":[\"https:\/\/www.neosigna.com\/politique-confidentialite\/\"]}]},{\"@type\":\"BreadcrumbList\",\"@id\":\"https:\/\/www.neosigna.com\/politique-confidentialite\/#breadcrumb\",\"itemListElement\":[{\"@type\":\"ListItem\",\"position\":1,\"name\":\"Home\",\"item\":\"https:\/\/www.neosigna.com\/\"},{\"@type\":\"ListItem\",\"position\":2,\"name\":\"Politique de confidentialit\u00e9\"}]},{\"@type\":\"WebSite\",\"@id\":\"https:\/\/www.neosigna.com\/#website\",\"url\":\"https:\/\/www.neosigna.com\/\",\"name\":\"Neosigna\",\"description\":\"G\u00e9rez vos contrats dans une seule et m\u00eame plateforme.\",\"publisher\":{\"@id\":\"https:\/\/www.neosigna.com\/#organization\"},\"potentialAction\":[{\"@type\":\"SearchAction\",\"target\":{\"@type\":\"EntryPoint\",\"urlTemplate\":\"https:\/\/www.neosigna.com\/?s={search_term_string}\"},\"query-input\":\"required name=search_term_string\"}],\"inLanguage\":\"en-US\"},{\"@type\":\"Organization\",\"@id\":\"https:\/\/www.neosigna.com\/#organization\",\"name\":\"Neosigna\",\"url\":\"https:\/\/www.neosigna.com\/\",\"logo\":{\"@type\":\"ImageObject\",\"inLanguage\":\"en-US\",\"@id\":\"https:\/\/www.neosigna.com\/#\/schema\/logo\/image\/\",\"url\":\"https:\/\/www.neosigna.com\/app\/uploads\/2022\/11\/2020-10-19_MIN_NEO_logo_bleu2.png\",\"contentUrl\":\"https:\/\/www.neosigna.com\/app\/uploads\/2022\/11\/2020-10-19_MIN_NEO_logo_bleu2.png\",\"width\":751,\"height\":815,\"caption\":\"Neosigna\"},\"image\":{\"@id\":\"https:\/\/www.neosigna.com\/#\/schema\/logo\/image\/\"},\"sameAs\":[\"https:\/\/www.linkedin.com\/company\/neosigna\"]}]}<\/script>\n<!-- \/ Yoast SEO plugin. -->","yoast_head_json":{"title":"Politique de confidentialit\u00e9 - Neosigna","robots":{"index":"index","follow":"follow","max-snippet":"max-snippet:-1","max-image-preview":"max-image-preview:large","max-video-preview":"max-video-preview:-1"},"canonical":"https:\/\/www.neosigna.com\/en\/data-policy\/","og_locale":"en_US","og_type":"article","og_title":"Politique de confidentialit\u00e9 - Neosigna","og_url":"https:\/\/www.neosigna.com\/en\/data-policy\/","og_site_name":"Neosigna","article_modified_time":"2022-10-17T09:48:09+00:00","twitter_card":"summary_large_image","schema":{"@context":"https:\/\/schema.org","@graph":[{"@type":"WebPage","@id":"https:\/\/www.neosigna.com\/politique-confidentialite\/","url":"https:\/\/www.neosigna.com\/politique-confidentialite\/","name":"Politique de confidentialit\u00e9 - Neosigna","isPartOf":{"@id":"https:\/\/www.neosigna.com\/#website"},"datePublished":"2022-08-26T14:19:27+00:00","dateModified":"2022-10-17T09:48:09+00:00","breadcrumb":{"@id":"https:\/\/www.neosigna.com\/politique-confidentialite\/#breadcrumb"},"inLanguage":"en-US","potentialAction":[{"@type":"ReadAction","target":["https:\/\/www.neosigna.com\/politique-confidentialite\/"]}]},{"@type":"BreadcrumbList","@id":"https:\/\/www.neosigna.com\/politique-confidentialite\/#breadcrumb","itemListElement":[{"@type":"ListItem","position":1,"name":"Home","item":"https:\/\/www.neosigna.com\/"},{"@type":"ListItem","position":2,"name":"Politique de confidentialit\u00e9"}]},{"@type":"WebSite","@id":"https:\/\/www.neosigna.com\/#website","url":"https:\/\/www.neosigna.com\/","name":"Neosigna","description":"G\u00e9rez vos contrats dans une seule et m\u00eame plateforme.","publisher":{"@id":"https:\/\/www.neosigna.com\/#organization"},"potentialAction":[{"@type":"SearchAction","target":{"@type":"EntryPoint","urlTemplate":"https:\/\/www.neosigna.com\/?s={search_term_string}"},"query-input":"required name=search_term_string"}],"inLanguage":"en-US"},{"@type":"Organization","@id":"https:\/\/www.neosigna.com\/#organization","name":"Neosigna","url":"https:\/\/www.neosigna.com\/","logo":{"@type":"ImageObject","inLanguage":"en-US","@id":"https:\/\/www.neosigna.com\/#\/schema\/logo\/image\/","url":"https:\/\/www.neosigna.com\/app\/uploads\/2022\/11\/2020-10-19_MIN_NEO_logo_bleu2.png","contentUrl":"https:\/\/www.neosigna.com\/app\/uploads\/2022\/11\/2020-10-19_MIN_NEO_logo_bleu2.png","width":751,"height":815,"caption":"Neosigna"},"image":{"@id":"https:\/\/www.neosigna.com\/#\/schema\/logo\/image\/"},"sameAs":["https:\/\/www.linkedin.com\/company\/neosigna"]}]}},"_links":{"self":[{"href":"https:\/\/www.neosigna.com\/en\/wp-json\/wp\/v2\/pages\/3"}],"collection":[{"href":"https:\/\/www.neosigna.com\/en\/wp-json\/wp\/v2\/pages"}],"about":[{"href":"https:\/\/www.neosigna.com\/en\/wp-json\/wp\/v2\/types\/page"}],"author":[{"embeddable":true,"href":"https:\/\/www.neosigna.com\/en\/wp-json\/wp\/v2\/users\/2"}],"replies":[{"embeddable":true,"href":"https:\/\/www.neosigna.com\/en\/wp-json\/wp\/v2\/comments?post=3"}],"version-history":[{"count":26,"href":"https:\/\/www.neosigna.com\/en\/wp-json\/wp\/v2\/pages\/3\/revisions"}],"predecessor-version":[{"id":1799,"href":"https:\/\/www.neosigna.com\/en\/wp-json\/wp\/v2\/pages\/3\/revisions\/1799"}],"wp:attachment":[{"href":"https:\/\/www.neosigna.com\/en\/wp-json\/wp\/v2\/media?parent=3"}],"curies":[{"name":"wp","href":"https:\/\/api.w.org\/{rel}","templated":true}]}}